{"id":826,"date":"2023-11-07T10:35:14","date_gmt":"2023-11-07T15:35:14","guid":{"rendered":"https:\/\/coltivate.co\/?page_id=826"},"modified":"2024-11-28T13:19:54","modified_gmt":"2024-11-28T18:19:54","slug":"politique-de-confidentialite","status":"publish","type":"page","link":"https:\/\/coltivate.co\/fr\/politique-de-confidentialite\/","title":{"rendered":"Politique de confidentialit\u00e9"},"content":{"rendered":"\t\t<div data-elementor-type=\"wp-page\" data-elementor-id=\"826\" class=\"elementor elementor-826 elementor-817\" data-elementor-post-type=\"page\">\n\t\t\t\t\t\t<section class=\"elementor-section elementor-top-section elementor-element elementor-element-6eb64c3d elementor-section-full_width elementor-section-stretched elementor-section-height-default elementor-section-height-default\" data-id=\"6eb64c3d\" data-element_type=\"section\" data-e-type=\"section\" id=\"top\" data-settings=\"{&quot;stretch_section&quot;:&quot;section-stretched&quot;,&quot;background_background&quot;:&quot;slideshow&quot;,&quot;background_slideshow_gallery&quot;:[{&quot;id&quot;:424,&quot;url&quot;:&quot;https:\\\/\\\/coltivate.co\\\/wp-content\\\/uploads\\\/2020\\\/09\\\/coltivate-pattern-lines-tile-v45.png&quot;},{&quot;id&quot;:422,&quot;url&quot;:&quot;https:\\\/\\\/coltivate.co\\\/wp-content\\\/uploads\\\/2020\\\/09\\\/coltivate-pattern-dots-tile-v45.png&quot;},{&quot;id&quot;:431,&quot;url&quot;:&quot;https:\\\/\\\/coltivate.co\\\/wp-content\\\/uploads\\\/2020\\\/09\\\/coltivate-pattern-zigzag-v45.png&quot;},{&quot;id&quot;:426,&quot;url&quot;:&quot;https:\\\/\\\/coltivate.co\\\/wp-content\\\/uploads\\\/2020\\\/09\\\/coltivate-pattern-plus-tile-v45.png&quot;}],&quot;background_slideshow_transition_duration&quot;:1000,&quot;background_slideshow_loop&quot;:&quot;yes&quot;,&quot;background_slideshow_slide_duration&quot;:5000,&quot;background_slideshow_slide_transition&quot;:&quot;fade&quot;}\">\n\t\t\t\t\t\t\t<div class=\"elementor-background-overlay\"><\/div>\n\t\t\t\t\t\t\t<div class=\"elementor-container elementor-column-gap-no\">\n\t\t\t\t\t<div class=\"elementor-column elementor-col-100 elementor-top-column elementor-element elementor-element-1aae7e50\" data-id=\"1aae7e50\" data-element_type=\"column\" data-e-type=\"column\">\n\t\t\t<div class=\"elementor-widget-wrap elementor-element-populated\">\n\t\t\t\t\t\t<section class=\"elementor-section elementor-inner-section elementor-element elementor-element-114ba7d1 elementor-section-boxed elementor-section-height-default elementor-section-height-default\" data-id=\"114ba7d1\" data-element_type=\"section\" data-e-type=\"section\">\n\t\t\t\t\t\t<div class=\"elementor-container elementor-column-gap-no\">\n\t\t\t\t\t<div class=\"elementor-column elementor-col-100 elementor-inner-column elementor-element elementor-element-7ae6bfb3\" data-id=\"7ae6bfb3\" data-element_type=\"column\" data-e-type=\"column\">\n\t\t\t<div class=\"elementor-widget-wrap elementor-element-populated\">\n\t\t\t\t\t\t<div class=\"elementor-element elementor-element-a9ba1d7 header-h1 elementor-hidden-mobile elementor-widget elementor-widget-heading\" data-id=\"a9ba1d7\" data-element_type=\"widget\" data-e-type=\"widget\" data-widget_type=\"heading.default\">\n\t\t\t\t<div class=\"elementor-widget-container\">\n\t\t\t\t\t<h1 class=\"elementor-heading-title elementor-size-default\"><span>Politique de <\/span><br><span>confidentialit\u00e9 <\/span><\/h1>\t\t\t\t<\/div>\n\t\t\t\t<\/div>\n\t\t\t\t<div class=\"elementor-element elementor-element-49984a48 header-h1 elementor-hidden-desktop elementor-hidden-tablet elementor-widget elementor-widget-heading\" data-id=\"49984a48\" data-element_type=\"widget\" data-e-type=\"widget\" data-widget_type=\"heading.default\">\n\t\t\t\t<div class=\"elementor-widget-container\">\n\t\t\t\t\t<h1 class=\"elementor-heading-title elementor-size-default\"><span>Politique de <\/span><br><span>confidentialit\u00e9 <\/span><\/h1>\t\t\t\t<\/div>\n\t\t\t\t<\/div>\n\t\t\t\t\t<\/div>\n\t\t<\/div>\n\t\t\t\t\t<\/div>\n\t\t<\/section>\n\t\t\t\t\t<\/div>\n\t\t<\/div>\n\t\t\t\t\t<\/div>\n\t\t<\/section>\n\t\t\t\t<section class=\"elementor-section elementor-top-section elementor-element elementor-element-66f3ec4c elementor-section-full_width elementor-section-stretched elementor-section-height-default elementor-section-height-default\" data-id=\"66f3ec4c\" data-element_type=\"section\" data-e-type=\"section\" id=\"projets\" data-settings=\"{&quot;stretch_section&quot;:&quot;section-stretched&quot;,&quot;background_background&quot;:&quot;classic&quot;}\">\n\t\t\t\t\t\t<div class=\"elementor-container elementor-column-gap-default\">\n\t\t\t\t\t<div class=\"elementor-column elementor-col-100 elementor-top-column elementor-element elementor-element-2c7248a\" data-id=\"2c7248a\" data-element_type=\"column\" data-e-type=\"column\">\n\t\t\t<div class=\"elementor-widget-wrap elementor-element-populated\">\n\t\t\t\t\t\t<section class=\"elementor-section elementor-inner-section elementor-element elementor-element-55d28cbd recent-projects-full elementor-section-boxed elementor-section-height-default elementor-section-height-default\" data-id=\"55d28cbd\" data-element_type=\"section\" data-e-type=\"section\">\n\t\t\t\t\t\t<div class=\"elementor-container elementor-column-gap-default\">\n\t\t\t\t\t<div class=\"elementor-column elementor-col-100 elementor-inner-column elementor-element elementor-element-7a8d1440\" data-id=\"7a8d1440\" data-element_type=\"column\" data-e-type=\"column\">\n\t\t\t<div class=\"elementor-widget-wrap elementor-element-populated\">\n\t\t\t\t\t\t<div class=\"elementor-element elementor-element-27d4d8e0 elementor-widget elementor-widget-html\" data-id=\"27d4d8e0\" data-element_type=\"widget\" data-e-type=\"widget\" data-widget_type=\"html.default\">\n\t\t\t\t<div class=\"elementor-widget-container\">\n\t\t\t\t\t<div class=\"policy-sections\">\r\n<p><strong>Derni\u00e8re mise \u00e0 jour le 7 novembre 2023<br>Date d'entr\u00e9e en vigueur le 1er septembre 2023<\/strong><\/p>\r\n\r\n<p>Cette politique de confidentialit\u00e9 d\u00e9crit les politiques de l'Agence Web Coltivate, 4388 RUE SAINT-DENIS, SUITE 200-745, MONTR\u00c9AL, Qu\u00e9bec H2J 2L1, Canada, courriel\u00a0: bonjour [@] coltivate [.] co sur la collecte, l'utilisation et la divulgation de vos informations. que nous collectons lorsque vous utilisez notre site Web ( https:\/\/coltivate.co\/fr\/ ). (le \"Service\"). En acc\u00e9dant ou en utilisant le Service, vous consentez \u00e0 la collecte, \u00e0 l'utilisation et \u00e0 la divulgation de vos informations conform\u00e9ment \u00e0 la pr\u00e9sente Politique de confidentialit\u00e9. Si vous n'y consentez pas, veuillez ne pas acc\u00e9der ni utiliser le Service.<\/p>\r\n\r\n<p>Nous pouvons modifier cette politique de confidentialit\u00e9 \u00e0 tout moment sans pr\u00e9avis et publierons la politique de confidentialit\u00e9 r\u00e9vis\u00e9e sur le service. La politique r\u00e9vis\u00e9e entrera en vigueur 180 jours \u00e0 compter de la date \u00e0 laquelle la politique r\u00e9vis\u00e9e sera publi\u00e9e dans le service et votre acc\u00e8s continu ou votre utilisation du service apr\u00e8s cette p\u00e9riode constituera votre acceptation de la politique de confidentialit\u00e9 r\u00e9vis\u00e9e. Nous vous recommandons donc de consulter p\u00e9riodiquement cette page.<\/p>\r\n\r\n<h3>Informations que nous collectons\u00a0:<\/h3>\r\n<p>Nous collecterons et traiterons les informations personnelles suivantes vous concernant\u00a0:<\/p>\r\n<ul>\r\n<li>Nom<\/li>\r\n<li>Courriel<\/li>\r\n<\/ul>\r\n\r\n<h3>Comment nous utilisons vos informations\u00a0:<\/h3>\r\n<p>Nous utiliserons les informations que nous collectons \u00e0 votre sujet aux fins suivantes\u00a0:<\/p>\r\n<ul>\r\n<li>Marketing\/Promotionnel<\/li>\r\n<li>Assistance<\/li>\r\n<li>Informations d'administration<\/li>\r\n<\/ul>\r\n    \r\n<p>Si nous souhaitons utiliser vos informations \u00e0 d'autres fins, nous vous demanderons votre consentement et n'utiliserons vos informations qu'apr\u00e8s avoir re\u00e7u votre consentement et ensuite, uniquement aux fins pour lesquelles nous accordons votre consentement, sauf si nous sommes tenus de le faire. faire autrement par la loi.<\/p>\r\n\r\n<h3>Comment nous partageons vos informations\u00a0:<\/h3>\r\n<p>Nous ne transf\u00e9rerons pas vos informations personnelles \u00e0 un tiers sans demander votre consentement, sauf dans les circonstances limit\u00e9es d\u00e9crites ci-dessous\u00a0:<\/p>\r\n<ul>\r\n<li>Analyses<\/li>\r\n<\/ul>\r\n    \r\n<p>Nous exigeons que ces tiers utilisent les informations personnelles que nous leur transf\u00e9rons uniquement aux fins pour lesquelles elles ont \u00e9t\u00e9 transf\u00e9r\u00e9es et ne les conservent pas plus longtemps que n\u00e9cessaire pour atteindre ladite finalit\u00e9.<\/p>\r\n\r\n<p>Nous pouvons \u00e9galement divulguer vos informations personnelles dans les cas suivants\u00a0: (1) pour nous conformer \u00e0 la loi, \u00e0 la r\u00e9glementation, \u00e0 une ordonnance du tribunal ou \u00e0 toute autre proc\u00e9dure judiciaire applicable\u00a0; (2) pour faire respecter vos accords avec nous, y compris cette politique de confidentialit\u00e9\u00a0; ou (3) pour r\u00e9pondre aux r\u00e9clamations selon lesquelles votre utilisation du Service viole les droits de tiers. Si le Service ou notre soci\u00e9t\u00e9 est fusionn\u00e9 ou acquis avec une autre soci\u00e9t\u00e9, vos informations feront partie des actifs transf\u00e9r\u00e9s au nouveau propri\u00e9taire.<\/p>\r\n\r\n<h3>Conservation de vos informations\u00a0:<\/h3>\r\n<p>Nous conserverons vos informations personnelles chez nous pendant 90 jours \u00e0 2 ans apr\u00e8s que les utilisateurs ont r\u00e9sili\u00e9 leur compte ou aussi longtemps que nous en avons besoin pour atteindre les objectifs pour lesquels elles ont \u00e9t\u00e9 collect\u00e9es, comme d\u00e9taill\u00e9 dans la pr\u00e9sente politique de confidentialit\u00e9. Nous pouvons avoir besoin de conserver certaines informations pendant des p\u00e9riodes plus longues, telles que la tenue de dossiers\/le reporting conform\u00e9ment \u00e0 la loi applicable ou pour d'autres raisons l\u00e9gitimes telles que l'application des droits l\u00e9gaux, la pr\u00e9vention de la fraude, etc. Informations anonymes r\u00e9siduelles et informations globales, dont aucune ne vous identifie (directement ou indirectement), peut \u00eatre stock\u00e9 ind\u00e9finiment.<\/p>\r\n\r\n<h3>Vos droits\u00a0:<\/h3>\r\n<p>Selon la loi applicable, vous pouvez avoir un droit d'acc\u00e8s et de rectification ou d'effacement de vos donn\u00e9es personnelles ou recevoir une copie de vos donn\u00e9es personnelles, restreindre ou vous opposer au traitement actif de vos donn\u00e9es, nous demander de partager (port ) vos informations personnelles \u00e0 une autre entit\u00e9, retirer tout consentement que vous nous avez fourni pour traiter vos donn\u00e9es, le droit de d\u00e9poser une plainte aupr\u00e8s d'une autorit\u00e9 statutaire et tout autre droit qui peut \u00eatre pertinent en vertu des lois applicables. Pour exercer ces droits, vous pouvez nous \u00e9crire \u00e0 bonjour [@] coltivate [.] co. Nous r\u00e9pondrons \u00e0 votre demande conform\u00e9ment \u00e0 la loi applicable.<\/p>\r\n<p>Notez que si vous ne nous autorisez pas \u00e0 collecter ou \u00e0 traiter les informations personnelles requises ou si vous retirez votre consentement \u00e0 les traiter aux fins requises, vous ne pourrez peut-\u00eatre pas acc\u00e9der ou utiliser les services pour lesquels vos informations ont \u00e9t\u00e9 recherch\u00e9es. .<\/p>\r\n\r\n<h3>Cookies, etc.<\/h3>\r\n<p>Pour en savoir plus sur la fa\u00e7on dont nous les utilisons et sur vos choix concernant ces technologies de suivi, veuillez consulter notre <a href=\"https:\/\/coltivate.co\/fr\/politique-de-cookies\/\">Politique relative aux cookies.<\/a ><\/p>\r\n\r\n<h3>S\u00e9curit\u00e9\u00a0:<\/h3>\r\n<p>La s\u00e9curit\u00e9 de vos informations est importante pour nous et nous utiliserons des mesures de s\u00e9curit\u00e9 raisonnables pour emp\u00eacher la perte, l'utilisation abusive ou la modification non autoris\u00e9e de vos informations sous notre contr\u00f4le. Cependant, compte tenu des risques inh\u00e9rents, nous ne pouvons garantir une s\u00e9curit\u00e9 absolue et, par cons\u00e9quent, nous ne pouvons assurer ou garantir la s\u00e9curit\u00e9 des informations que vous nous transmettez et vous le faites \u00e0 vos propres risques.<\/p>\r\n\r\n<h3>Grief\/D\u00e9l\u00e9gu\u00e9 \u00e0 la protection des donn\u00e9es\u00a0:<\/h3>\r\n<p>Si vous avez des questions ou des pr\u00e9occupations concernant le traitement de vos informations disponibles chez nous, vous pouvez envoyer un courriel \u00e0 notre responsable des griefs \u00e0 l'Agence Web Coltivate, 4388 RUE SAINT-DENIS, SUITE 200-745, MONTR\u00c9AL, QC, H2J 2L1. , e-mail\u00a0: bonjour [@] coltivate [.] co. Nous r\u00e9pondrons \u00e0 vos pr\u00e9occupations conform\u00e9ment \u00e0 la loi applicable.<\/p>\r\n<\/div>\t\t\t\t<\/div>\n\t\t\t\t<\/div>\n\t\t\t\t\t<\/div>\n\t\t<\/div>\n\t\t\t\t\t<\/div>\n\t\t<\/section>\n\t\t\t\t\t<\/div>\n\t\t<\/div>\n\t\t\t\t\t<\/div>\n\t\t<\/section>\n\t\t\t\t<section class=\"elementor-section elementor-top-section elementor-element elementor-element-1a0be807 elementor-section-full_width elementor-section-stretched elementor-section-height-default elementor-section-height-default\" data-id=\"1a0be807\" data-element_type=\"section\" data-e-type=\"section\" data-settings=\"{&quot;stretch_section&quot;:&quot;section-stretched&quot;,&quot;background_background&quot;:&quot;classic&quot;}\">\n\t\t\t\t\t\t<div class=\"elementor-container elementor-column-gap-default\">\n\t\t\t\t\t<div class=\"elementor-column elementor-col-100 elementor-top-column elementor-element elementor-element-59e1fcdb\" data-id=\"59e1fcdb\" data-element_type=\"column\" data-e-type=\"column\">\n\t\t\t<div class=\"elementor-widget-wrap elementor-element-populated\">\n\t\t\t\t\t\t<section class=\"elementor-section elementor-inner-section elementor-element elementor-element-1c8ecfbf elementor-section-boxed elementor-section-height-default elementor-section-height-default\" data-id=\"1c8ecfbf\" data-element_type=\"section\" data-e-type=\"section\">\n\t\t\t\t\t\t<div class=\"elementor-container elementor-column-gap-default\">\n\t\t\t\t\t<div class=\"elementor-column elementor-col-100 elementor-inner-column elementor-element elementor-element-1999bee4\" data-id=\"1999bee4\" data-element_type=\"column\" data-e-type=\"column\">\n\t\t\t<div class=\"elementor-widget-wrap elementor-element-populated\">\n\t\t\t\t\t\t<div class=\"elementor-element elementor-element-17cc5385 contact-h2 elementor-widget elementor-widget-heading\" data-id=\"17cc5385\" data-element_type=\"widget\" data-e-type=\"widget\" data-widget_type=\"heading.default\">\n\t\t\t\t<div class=\"elementor-widget-container\">\n\t\t\t\t\t<h2 class=\"elementor-heading-title elementor-size-default\"><a href=\"#contact\"><div class=\"contact-form-fr\">\n<span>NOUS CONTACTER<\/span>\n<\/div><\/a><\/h2>\t\t\t\t<\/div>\n\t\t\t\t<\/div>\n\t\t\t\t\t<\/div>\n\t\t<\/div>\n\t\t\t\t\t<\/div>\n\t\t<\/section>\n\t\t\t\t\t<\/div>\n\t\t<\/div>\n\t\t\t\t\t<\/div>\n\t\t<\/section>\n\t\t\t\t<section class=\"elementor-section elementor-top-section elementor-element elementor-element-6c5c09da elementor-section-full_width elementor-section-stretched elementor-section-height-default elementor-section-height-default\" data-id=\"6c5c09da\" data-element_type=\"section\" data-e-type=\"section\" data-settings=\"{&quot;stretch_section&quot;:&quot;section-stretched&quot;,&quot;background_background&quot;:&quot;classic&quot;}\">\n\t\t\t\t\t\t<div class=\"elementor-container elementor-column-gap-default\">\n\t\t\t\t\t<div class=\"elementor-column elementor-col-100 elementor-top-column elementor-element elementor-element-4ed25239\" data-id=\"4ed25239\" data-element_type=\"column\" data-e-type=\"column\">\n\t\t\t<div class=\"elementor-widget-wrap elementor-element-populated\">\n\t\t\t\t\t\t<section class=\"elementor-section elementor-inner-section elementor-element elementor-element-1b7f98b elementor-section-content-middle elementor-hidden-mobile elementor-section-boxed elementor-section-height-default elementor-section-height-default\" data-id=\"1b7f98b\" data-element_type=\"section\" data-e-type=\"section\">\n\t\t\t\t\t\t<div class=\"elementor-container elementor-column-gap-default\">\n\t\t\t\t\t<div class=\"elementor-column elementor-col-33 elementor-inner-column elementor-element elementor-element-5e9c0fde\" data-id=\"5e9c0fde\" data-element_type=\"column\" data-e-type=\"column\">\n\t\t\t<div class=\"elementor-widget-wrap elementor-element-populated\">\n\t\t\t\t\t\t<div class=\"elementor-element elementor-element-62bfb812 elementor-widget elementor-widget-html\" data-id=\"62bfb812\" data-element_type=\"widget\" data-e-type=\"widget\" data-widget_type=\"html.default\">\n\t\t\t\t<div class=\"elementor-widget-container\">\n\t\t\t\t\t<div class=\"footer-section-left\">\r\n<p>Copyright &#xA9;&nbsp;2026 \u00b7 <a href=\"#top\">Coltivate<\/a>\r\n    <\/p>\r\n<\/div>\t\t\t\t<\/div>\n\t\t\t\t<\/div>\n\t\t\t\t\t<\/div>\n\t\t<\/div>\n\t\t\t\t<div class=\"elementor-column elementor-col-33 elementor-inner-column elementor-element elementor-element-25bea9bf\" data-id=\"25bea9bf\" data-element_type=\"column\" data-e-type=\"column\">\n\t\t\t<div class=\"elementor-widget-wrap elementor-element-populated\">\n\t\t\t\t\t\t<div class=\"elementor-element elementor-element-4a9fc8ef elementor-widget elementor-widget-image\" data-id=\"4a9fc8ef\" data-element_type=\"widget\" data-e-type=\"widget\" data-widget_type=\"image.default\">\n\t\t\t\t<div class=\"elementor-widget-container\">\n\t\t\t\t\t\t\t\t\t\t\t\t\t\t\t\t<a href=\"#top\">\n\t\t\t\t\t\t\t<img fetchpriority=\"high\" decoding=\"async\" width=\"512\" height=\"512\" src=\"https:\/\/coltivate.co\/wp-content\/uploads\/2020\/09\/coltivate-icon.png\" class=\"attachment-large size-large wp-image-378\" alt=\"Coltivate Web Agency Icon\" srcset=\"https:\/\/coltivate.co\/wp-content\/uploads\/2020\/09\/coltivate-icon.png 512w, https:\/\/coltivate.co\/wp-content\/uploads\/2020\/09\/coltivate-icon-300x300.png 300w, https:\/\/coltivate.co\/wp-content\/uploads\/2020\/09\/coltivate-icon-150x150.png 150w\" sizes=\"(max-width: 512px) 100vw, 512px\" \/>\t\t\t\t\t\t\t\t<\/a>\n\t\t\t\t\t\t\t\t\t\t\t\t\t\t\t<\/div>\n\t\t\t\t<\/div>\n\t\t\t\t\t<\/div>\n\t\t<\/div>\n\t\t\t\t<div class=\"elementor-column elementor-col-33 elementor-inner-column elementor-element elementor-element-543c8172\" data-id=\"543c8172\" data-element_type=\"column\" data-e-type=\"column\">\n\t\t\t<div class=\"elementor-widget-wrap elementor-element-populated\">\n\t\t\t\t\t\t<div class=\"elementor-element elementor-element-16a28aae elementor-widget elementor-widget-html\" data-id=\"16a28aae\" data-element_type=\"widget\" data-e-type=\"widget\" data-widget_type=\"html.default\">\n\t\t\t\t<div class=\"elementor-widget-container\">\n\t\t\t\t\t<div class=\"footer-section-right\">\r\n<p><a href=\"https:\/\/www.valeriepaquette.com\/\" target=\"_blank\">Design par : v :<\/a>\r\n    <\/p>\r\n<\/div>\t\t\t\t<\/div>\n\t\t\t\t<\/div>\n\t\t\t\t\t<\/div>\n\t\t<\/div>\n\t\t\t\t\t<\/div>\n\t\t<\/section>\n\t\t\t\t<section class=\"elementor-section elementor-inner-section elementor-element elementor-element-7807ebce elementor-section-content-middle elementor-hidden-desktop elementor-hidden-tablet elementor-section-boxed elementor-section-height-default elementor-section-height-default\" data-id=\"7807ebce\" data-element_type=\"section\" data-e-type=\"section\">\n\t\t\t\t\t\t<div class=\"elementor-container elementor-column-gap-default\">\n\t\t\t\t\t<div class=\"elementor-column elementor-col-100 elementor-inner-column elementor-element elementor-element-3a66ace\" data-id=\"3a66ace\" data-element_type=\"column\" data-e-type=\"column\">\n\t\t\t<div class=\"elementor-widget-wrap elementor-element-populated\">\n\t\t\t\t\t\t<div class=\"elementor-element elementor-element-3280a480 elementor-widget elementor-widget-image\" data-id=\"3280a480\" data-element_type=\"widget\" data-e-type=\"widget\" data-widget_type=\"image.default\">\n\t\t\t\t<div class=\"elementor-widget-container\">\n\t\t\t\t\t\t\t\t\t\t\t\t\t\t\t\t<a href=\"\/fr\/\">\n\t\t\t\t\t\t\t<img fetchpriority=\"high\" decoding=\"async\" width=\"512\" height=\"512\" src=\"https:\/\/coltivate.co\/wp-content\/uploads\/2020\/09\/coltivate-icon.png\" class=\"attachment-large size-large wp-image-378\" alt=\"Coltivate Web Agency Icon\" srcset=\"https:\/\/coltivate.co\/wp-content\/uploads\/2020\/09\/coltivate-icon.png 512w, https:\/\/coltivate.co\/wp-content\/uploads\/2020\/09\/coltivate-icon-300x300.png 300w, https:\/\/coltivate.co\/wp-content\/uploads\/2020\/09\/coltivate-icon-150x150.png 150w\" sizes=\"(max-width: 512px) 100vw, 512px\" \/>\t\t\t\t\t\t\t\t<\/a>\n\t\t\t\t\t\t\t\t\t\t\t\t\t\t\t<\/div>\n\t\t\t\t<\/div>\n\t\t\t\t<div class=\"elementor-element elementor-element-19aec041 elementor-widget elementor-widget-html\" data-id=\"19aec041\" data-element_type=\"widget\" data-e-type=\"widget\" data-widget_type=\"html.default\">\n\t\t\t\t<div class=\"elementor-widget-container\">\n\t\t\t\t\t<div class=\"footer-section-left\">\r\n<p>Copyright &#xA9;&nbsp;2026 \u00b7 <a href=\"\/fr\/\">Coltivate<\/a>\r\n    <\/p>\r\n<\/div>\t\t\t\t<\/div>\n\t\t\t\t<\/div>\n\t\t\t\t<div class=\"elementor-element elementor-element-176ef663 elementor-widget elementor-widget-html\" data-id=\"176ef663\" data-element_type=\"widget\" data-e-type=\"widget\" data-widget_type=\"html.default\">\n\t\t\t\t<div class=\"elementor-widget-container\">\n\t\t\t\t\t<div class=\"footer-section-right\">\r\n<p><a href=\"https:\/\/www.valeriepaquette.com\/\" target=\"_blank\">Design par : v :<\/a>\r\n    <\/p>\r\n<\/div>\t\t\t\t<\/div>\n\t\t\t\t<\/div>\n\t\t\t\t\t<\/div>\n\t\t<\/div>\n\t\t\t\t\t<\/div>\n\t\t<\/section>\n\t\t\t\t\t<\/div>\n\t\t<\/div>\n\t\t\t\t\t<\/div>\n\t\t<\/section>\n\t\t\t\t<section class=\"elementor-section elementor-top-section elementor-element elementor-element-3c840ca4 elementor-section-full_width elementor-section-stretched elementor-section-height-default elementor-section-height-default\" data-id=\"3c840ca4\" data-element_type=\"section\" data-e-type=\"section\" data-settings=\"{&quot;stretch_section&quot;:&quot;section-stretched&quot;,&quot;background_background&quot;:&quot;classic&quot;}\">\n\t\t\t\t\t\t<div class=\"elementor-container elementor-column-gap-default\">\n\t\t\t\t\t<div class=\"elementor-column elementor-col-100 elementor-top-column elementor-element elementor-element-39d1e89a\" data-id=\"39d1e89a\" data-element_type=\"column\" data-e-type=\"column\">\n\t\t\t<div class=\"elementor-widget-wrap elementor-element-populated\">\n\t\t\t\t\t\t<section class=\"elementor-section elementor-inner-section elementor-element elementor-element-51b3b275 elementor-section-content-middle elementor-hidden-mobile elementor-section-boxed elementor-section-height-default elementor-section-height-default\" data-id=\"51b3b275\" data-element_type=\"section\" data-e-type=\"section\">\n\t\t\t\t\t\t<div class=\"elementor-container elementor-column-gap-default\">\n\t\t\t\t\t<div class=\"elementor-column elementor-col-100 elementor-inner-column elementor-element elementor-element-5b0d1067\" data-id=\"5b0d1067\" data-element_type=\"column\" data-e-type=\"column\">\n\t\t\t<div class=\"elementor-widget-wrap elementor-element-populated\">\n\t\t\t\t\t\t<div class=\"elementor-element elementor-element-977888a elementor-widget elementor-widget-html\" data-id=\"977888a\" data-element_type=\"widget\" data-e-type=\"widget\" data-widget_type=\"html.default\">\n\t\t\t\t<div class=\"elementor-widget-container\">\n\t\t\t\t\t<div class=\"sub-footer-section-center\">\r\n<p><a rel=\"noopener noreferrer nofollow\" href=\"https:\/\/coltivate.co\/fr\/politique-de-confidentialite\/\">Politique de confidentialit\u00e9<\/a> \u00b7 <a rel=\"noopener noreferrer nofollow\" href=\"https:\/\/coltivate.co\/fr\/politique-de-cookies\/\">Politique relative aux cookies<\/a> \u00b7 <a href=\"#\" class=\"cky-banner-element footer-cookie-link\">Choix de consentement<\/a><\/p>\r\n<\/div>\t\t\t\t<\/div>\n\t\t\t\t<\/div>\n\t\t\t\t\t<\/div>\n\t\t<\/div>\n\t\t\t\t\t<\/div>\n\t\t<\/section>\n\t\t\t\t<section class=\"elementor-section elementor-inner-section elementor-element elementor-element-9ca39fd elementor-section-content-middle elementor-hidden-desktop elementor-hidden-tablet elementor-section-boxed elementor-section-height-default elementor-section-height-default\" data-id=\"9ca39fd\" data-element_type=\"section\" data-e-type=\"section\">\n\t\t\t\t\t\t<div class=\"elementor-container elementor-column-gap-default\">\n\t\t\t\t\t<div class=\"elementor-column elementor-col-100 elementor-inner-column elementor-element elementor-element-3cfcb2f7\" data-id=\"3cfcb2f7\" data-element_type=\"column\" data-e-type=\"column\">\n\t\t\t<div class=\"elementor-widget-wrap elementor-element-populated\">\n\t\t\t\t\t\t<div class=\"elementor-element elementor-element-378ba195 elementor-widget elementor-widget-html\" data-id=\"378ba195\" data-element_type=\"widget\" data-e-type=\"widget\" data-widget_type=\"html.default\">\n\t\t\t\t<div class=\"elementor-widget-container\">\n\t\t\t\t\t<div class=\"sub-footer-section-center\">\r\n<p><a rel=\"noopener noreferrer nofollow\" href=\"https:\/\/coltivate.co\/fr\/politique-de-confidentialite\/\">Politique de confidentialit\u00e9<\/a><br><a rel=\"noopener noreferrer nofollow\" href=\"https:\/\/coltivate.co\/fr\/politique-de-cookies\/\">Politique relative aux cookies<\/a><br><a href=\"#\" class=\"cky-banner-element footer-cookie-link\">Choix de consentement<\/a><\/p>\r\n<\/div>\t\t\t\t<\/div>\n\t\t\t\t<\/div>\n\t\t\t\t\t<\/div>\n\t\t<\/div>\n\t\t\t\t\t<\/div>\n\t\t<\/section>\n\t\t\t\t\t<\/div>\n\t\t<\/div>\n\t\t\t\t\t<\/div>\n\t\t<\/section>\n\t\t\t\t<\/div>\n\t\t","protected":false},"excerpt":{"rendered":"<p>Politique de confidentialit\u00e9 Politique de confidentialit\u00e9 Derni\u00e8re mise \u00e0 jour le 7 novembre 2023Date d&rsquo;entr\u00e9e en vigueur le 1er septembre 2023 Cette politique de confidentialit\u00e9 d\u00e9crit les politiques de l&rsquo;Agence Web Coltivate, 4388 RUE SAINT-DENIS, SUITE 200-745, MONTR\u00c9AL, Qu\u00e9bec H2J 2L1, Canada, courriel\u00a0: bonjour [@] coltivate [.] co sur la collecte, l&rsquo;utilisation et la divulgation [&hellip;]<\/p>\n","protected":false},"author":3,"featured_media":761,"parent":0,"menu_order":0,"comment_status":"closed","ping_status":"closed","template":"elementor_header_footer","meta":{"_genesis_hide_title":false,"_genesis_hide_breadcrumbs":false,"_genesis_hide_singular_image":false,"_genesis_hide_footer_widgets":false,"_genesis_custom_body_class":"","_genesis_custom_post_class":"","_genesis_layout":"full-width-content","footnotes":""},"class_list":{"0":"post-826","1":"page","2":"type-page","3":"status-publish","4":"has-post-thumbnail","6":"entry"},"_links":{"self":[{"href":"https:\/\/coltivate.co\/fr\/wp-json\/wp\/v2\/pages\/826","targetHints":{"allow":["GET"]}}],"collection":[{"href":"https:\/\/coltivate.co\/fr\/wp-json\/wp\/v2\/pages"}],"about":[{"href":"https:\/\/coltivate.co\/fr\/wp-json\/wp\/v2\/types\/page"}],"author":[{"embeddable":true,"href":"https:\/\/coltivate.co\/fr\/wp-json\/wp\/v2\/users\/3"}],"replies":[{"embeddable":true,"href":"https:\/\/coltivate.co\/fr\/wp-json\/wp\/v2\/comments?post=826"}],"version-history":[{"count":0,"href":"https:\/\/coltivate.co\/fr\/wp-json\/wp\/v2\/pages\/826\/revisions"}],"wp:featuredmedia":[{"embeddable":true,"href":"https:\/\/coltivate.co\/fr\/wp-json\/wp\/v2\/media\/761"}],"wp:attachment":[{"href":"https:\/\/coltivate.co\/fr\/wp-json\/wp\/v2\/media?parent=826"}],"curies":[{"name":"wp","href":"https:\/\/api.w.org\/{rel}","templated":true}]}}